{"id":48,"date":"2019-02-20T18:57:42","date_gmt":"2019-02-20T17:57:42","guid":{"rendered":"http:\/\/www.wallonieinsoumise.eu\/?page_id=48"},"modified":"2019-06-19T00:16:01","modified_gmt":"2019-06-18T22:16:01","slug":"elections","status":"publish","type":"page","link":"https:\/\/www.wallonieinsoumise.eu\/index.php\/elections\/","title":{"rendered":"Elections"},"content":{"rendered":"\n<div class=\"wp-block-image\"><figure class=\"aligncenter\"><img loading=\"lazy\" decoding=\"async\" width=\"236\" height=\"236\" src=\"http:\/\/www.wallonieinsoumise.eu\/wp-content\/uploads\/2019\/06\/Merci.jpg\" alt=\"\" class=\"wp-image-131\" srcset=\"https:\/\/www.wallonieinsoumise.eu\/wp-content\/uploads\/2019\/06\/Merci.jpg 236w, https:\/\/www.wallonieinsoumise.eu\/wp-content\/uploads\/2019\/06\/Merci-150x150.jpg 150w\" sizes=\"(max-width: 236px) 100vw, 236px\" \/><\/figure><\/div>\n\n\n\n<p style=\"text-align:center\" class=\"has-large-font-size\"><strong>Un\ntout grand merci<\/strong><\/p>\n\n\n\n<p style=\"text-align:center\">Plus\nde 8 000 voix (8 155 tr\u00e8s exactement) se sont port\u00e9es sue les\nlistes de WALLONIE INSOUMISE dans le Brabant wallon et dans la\nprovince de Li\u00e8ge.<\/p>\n\n\n\n<p style=\"text-align:center\">Pour\nune premi\u00e8re pr\u00e9sentation &#8211; dans des conditions difficiles et\nmalgr\u00e9 le boycott des grands m\u00e9dias -, c&rsquo;est un succ\u00e8s.<\/p>\n\n\n\n<p style=\"text-align:center\">Ce\nvote traduit une prise de conscience wallonne, qui ne pourra que\ns&rsquo;amplifier face \u00e0 la d\u00e9ferlante de la droite extr\u00eame et de\nl&rsquo;extr\u00eame droite flamandes qui s&rsquo;est manifest\u00e9e lors des \u00e9lections\ndu 26 mai.<\/p>\n\n\n\n<p style=\"text-align:center\"><strong>La Wallonie domin\u00e9e, c&rsquo;est termin\u00e9 !<\/strong><\/p>\n\n\n\n<p style=\"text-align:center\">Merci \u00e0 toutes et tous. Soyez assur\u00e9s qu&rsquo;on ne l\u00e2chera rien.<\/p>\n\n\n\n<p><\/p>\n\n\n\n<figure class=\"wp-block-image\"><img loading=\"lazy\" decoding=\"async\" width=\"731\" height=\"1024\" src=\"http:\/\/www.wallonieinsoumise.eu\/wp-content\/uploads\/2019\/06\/A3-Affiche-5-1-731x1024.jpg\" alt=\"\" class=\"wp-image-134\" srcset=\"https:\/\/www.wallonieinsoumise.eu\/wp-content\/uploads\/2019\/06\/A3-Affiche-5-1-731x1024.jpg 731w, https:\/\/www.wallonieinsoumise.eu\/wp-content\/uploads\/2019\/06\/A3-Affiche-5-1-214x300.jpg 214w, https:\/\/www.wallonieinsoumise.eu\/wp-content\/uploads\/2019\/06\/A3-Affiche-5-1-768x1076.jpg 768w\" sizes=\"(max-width: 731px) 100vw, 731px\" \/><\/figure>\n\n\n\n<center><iframe loading=\"lazy\" src=\"https:\/\/www.rtc.be\/playerjs\/embed.php?id=1501541\" width=\"560\" height=\"315\" frameborder=\"0\" allowfullscreen=\"\"><\/iframe><\/center>\n","protected":false},"excerpt":{"rendered":"<p>Un tout grand merci Plus de 8 000 voix (8 155 tr\u00e8s exactement) se sont port\u00e9es sue les listes de WALLONIE INSOUMISE dans le Brabant wallon et dans la province de Li\u00e8ge. Pour une premi\u00e8re pr\u00e9sentation &#8211; dans des conditions difficiles et malgr\u00e9 le boycott des grands m\u00e9dias -, c&rsquo;est un succ\u00e8s. Ce vote traduit [&hellip;]<\/p>\n","protected":false},"author":1,"featured_media":0,"parent":0,"menu_order":0,"comment_status":"closed","ping_status":"closed","template":"","meta":{"footnotes":""},"_links":{"self":[{"href":"https:\/\/www.wallonieinsoumise.eu\/index.php\/wp-json\/wp\/v2\/pages\/48"}],"collection":[{"href":"https:\/\/www.wallonieinsoumise.eu\/index.php\/wp-json\/wp\/v2\/pages"}],"about":[{"href":"https:\/\/www.wallonieinsoumise.eu\/index.php\/wp-json\/wp\/v2\/types\/page"}],"author":[{"embeddable":true,"href":"https:\/\/www.wallonieinsoumise.eu\/index.php\/wp-json\/wp\/v2\/users\/1"}],"replies":[{"embeddable":true,"href":"https:\/\/www.wallonieinsoumise.eu\/index.php\/wp-json\/wp\/v2\/comments?post=48"}],"version-history":[{"count":8,"href":"https:\/\/www.wallonieinsoumise.eu\/index.php\/wp-json\/wp\/v2\/pages\/48\/revisions"}],"predecessor-version":[{"id":163,"href":"https:\/\/www.wallonieinsoumise.eu\/index.php\/wp-json\/wp\/v2\/pages\/48\/revisions\/163"}],"wp:attachment":[{"href":"https:\/\/www.wallonieinsoumise.eu\/index.php\/wp-json\/wp\/v2\/media?parent=48"}],"curies":[{"name":"wp","href":"https:\/\/api.w.org\/{rel}","templated":true}]}}