{"id":52,"date":"2019-02-20T18:58:45","date_gmt":"2019-02-20T17:58:45","guid":{"rendered":"http:\/\/www.wallonieinsoumise.eu\/?page_id=52"},"modified":"2019-06-18T23:33:58","modified_gmt":"2019-06-18T21:33:58","slug":"contact","status":"publish","type":"page","link":"https:\/\/www.wallonieinsoumise.eu\/index.php\/contact\/","title":{"rendered":"Contactez-nous"},"content":{"rendered":"\n<p style=\"text-align:center\">Vous souhaitez en savoir plus sur Wallonie insoumise\u00a0?   <br>Vous avez une ou plusieurs questions \u00e0 poser\u00a0?     <br>Vous avez des suggestions \u00e0 formuler\u00a0?  <\/p>\n\n\n\n<p style=\"text-align:center\">Alors prenez contact avec un des responsables de Wallonie insoumise,<br>envoyez-lui un courrier \u00e9lectronique <br>ou contactez-nous \u00e0 l&rsquo;adresse g\u00e9n\u00e9rale : <br><a href=\"mailto:contact@wallonieinsoumise.eu\">contact@wallonieinsoumise.eu<\/a><\/p>\n\n\n\n<table class=\"wp-block-table aligncenter is-style-regular\"><tbody><tr><td><img loading=\"lazy\" decoding=\"async\" width=\"150\" height=\"208\" class=\"wp-image-146\" style=\"width: 150px;\" src=\"http:\/\/www.wallonieinsoumise.eu\/wp-content\/uploads\/2019\/06\/Biesmans.jpg\" alt=\"\" srcset=\"https:\/\/www.wallonieinsoumise.eu\/wp-content\/uploads\/2019\/06\/Biesmans.jpg 840w, https:\/\/www.wallonieinsoumise.eu\/wp-content\/uploads\/2019\/06\/Biesmans-216x300.jpg 216w, https:\/\/www.wallonieinsoumise.eu\/wp-content\/uploads\/2019\/06\/Biesmans-768x1065.jpg 768w, https:\/\/www.wallonieinsoumise.eu\/wp-content\/uploads\/2019\/06\/Biesmans-738x1024.jpg 738w\" sizes=\"(max-width: 150px) 100vw, 150px\" \/><\/td><td>Francis Biesmans<br>Porte-parole<br><a href=\"mailto:f.biesmans@wallonieinsoumise.eu\">f.biesmans@wallonieinsoumise.eu<\/a><br>GSM&nbsp;: +32 474 38 18 16 <\/td><\/tr><tr><td><img loading=\"lazy\" decoding=\"async\" width=\"150\" height=\"186\" class=\"wp-image-142\" style=\"width: 150px;\" src=\"http:\/\/www.wallonieinsoumise.eu\/wp-content\/uploads\/2019\/06\/Agn\u00e8s.jpg\" alt=\"\" srcset=\"https:\/\/www.wallonieinsoumise.eu\/wp-content\/uploads\/2019\/06\/Agn\u00e8s.jpg 388w, https:\/\/www.wallonieinsoumise.eu\/wp-content\/uploads\/2019\/06\/Agn\u00e8s-242x300.jpg 242w\" sizes=\"(max-width: 150px) 100vw, 150px\" \/><\/td><td>Agn\u00e8s Larcin<br>Secr\u00e9taire \u00e0 la communication  <br><a href=\"mailto:a.larcin@wallonieinsoumise.eu \">a.larcin@wallonieinsoumise.eu <\/a><\/td><\/tr><tr><td><img loading=\"lazy\" decoding=\"async\" width=\"150\" height=\"200\" class=\"wp-image-144\" style=\"width: 150px;\" src=\"http:\/\/www.wallonieinsoumise.eu\/wp-content\/uploads\/2019\/06\/Guy_Bronckart.jpg\" alt=\"\" srcset=\"https:\/\/www.wallonieinsoumise.eu\/wp-content\/uploads\/2019\/06\/Guy_Bronckart.jpg 1037w, https:\/\/www.wallonieinsoumise.eu\/wp-content\/uploads\/2019\/06\/Guy_Bronckart-225x300.jpg 225w, https:\/\/www.wallonieinsoumise.eu\/wp-content\/uploads\/2019\/06\/Guy_Bronckart-768x1024.jpg 768w\" sizes=\"(max-width: 150px) 100vw, 150px\" \/><\/td><td>Guy Bronckart<br>D\u00e9l\u00e9gu\u00e9 \u00e0 l\u2018organisation  <br><a href=\"mailto:g.bronckart@wallonieinsoumise.eu\">g.bronckart@wallonieinsoumise.eu<\/a><\/td><\/tr><tr><td><img loading=\"lazy\" decoding=\"async\" width=\"150\" height=\"220\" class=\"wp-image-145\" style=\"width: 150px;\" src=\"http:\/\/www.wallonieinsoumise.eu\/wp-content\/uploads\/2019\/06\/Dimitri-LABIAU.jpg\" alt=\"\" srcset=\"https:\/\/www.wallonieinsoumise.eu\/wp-content\/uploads\/2019\/06\/Dimitri-LABIAU.jpg 355w, https:\/\/www.wallonieinsoumise.eu\/wp-content\/uploads\/2019\/06\/Dimitri-LABIAU-204x300.jpg 204w\" sizes=\"(max-width: 150px) 100vw, 150px\" \/><\/td><td> Dimitri Labiau<br> Responsable Hainaut <br> <a href=\"mailto:d.labiau@wallonieinsoumise.eu\">d.labiau@wallonieinsoumise.eu<\/a><\/td><\/tr><tr><td><img loading=\"lazy\" decoding=\"async\" width=\"150\" height=\"195\" class=\"wp-image-143\" style=\"width: 150px;\" src=\"http:\/\/www.wallonieinsoumise.eu\/wp-content\/uploads\/2019\/06\/Yves.jpg\" alt=\"\" srcset=\"https:\/\/www.wallonieinsoumise.eu\/wp-content\/uploads\/2019\/06\/Yves.jpg 1063w, https:\/\/www.wallonieinsoumise.eu\/wp-content\/uploads\/2019\/06\/Yves-231x300.jpg 231w, https:\/\/www.wallonieinsoumise.eu\/wp-content\/uploads\/2019\/06\/Yves-768x996.jpg 768w, https:\/\/www.wallonieinsoumise.eu\/wp-content\/uploads\/2019\/06\/Yves-789x1024.jpg 789w\" sizes=\"(max-width: 150px) 100vw, 150px\" \/><\/td><td>Yves Gilles<br>Responsable Brabant wallon <br><a href=\"mailto:y.gilles@wallonieinsoumise.eu\">y.gilles@wallonieinsoumise.eu<\/a><\/td><\/tr><\/tbody><\/table>\n","protected":false},"excerpt":{"rendered":"<p>Vous souhaitez en savoir plus sur Wallonie insoumise\u00a0? Vous avez une ou plusieurs questions \u00e0 poser\u00a0? Vous avez des suggestions \u00e0 formuler\u00a0? Alors prenez contact avec un des responsables de Wallonie insoumise,envoyez-lui un courrier \u00e9lectronique ou contactez-nous \u00e0 l&rsquo;adresse g\u00e9n\u00e9rale : contact@wallonieinsoumise.eu Francis BiesmansPorte-parolef.biesmans@wallonieinsoumise.euGSM&nbsp;: +32 474 38 18 16 Agn\u00e8s LarcinSecr\u00e9taire \u00e0 la communication a.larcin@wallonieinsoumise.eu [&hellip;]<\/p>\n","protected":false},"author":1,"featured_media":0,"parent":0,"menu_order":0,"comment_status":"closed","ping_status":"closed","template":"","meta":{"footnotes":""},"_links":{"self":[{"href":"https:\/\/www.wallonieinsoumise.eu\/index.php\/wp-json\/wp\/v2\/pages\/52"}],"collection":[{"href":"https:\/\/www.wallonieinsoumise.eu\/index.php\/wp-json\/wp\/v2\/pages"}],"about":[{"href":"https:\/\/www.wallonieinsoumise.eu\/index.php\/wp-json\/wp\/v2\/types\/page"}],"author":[{"embeddable":true,"href":"https:\/\/www.wallonieinsoumise.eu\/index.php\/wp-json\/wp\/v2\/users\/1"}],"replies":[{"embeddable":true,"href":"https:\/\/www.wallonieinsoumise.eu\/index.php\/wp-json\/wp\/v2\/comments?post=52"}],"version-history":[{"count":8,"href":"https:\/\/www.wallonieinsoumise.eu\/index.php\/wp-json\/wp\/v2\/pages\/52\/revisions"}],"predecessor-version":[{"id":153,"href":"https:\/\/www.wallonieinsoumise.eu\/index.php\/wp-json\/wp\/v2\/pages\/52\/revisions\/153"}],"wp:attachment":[{"href":"https:\/\/www.wallonieinsoumise.eu\/index.php\/wp-json\/wp\/v2\/media?parent=52"}],"curies":[{"name":"wp","href":"https:\/\/api.w.org\/{rel}","templated":true}]}}